{"id":1414,"date":"2025-02-14T08:51:56","date_gmt":"2025-02-14T13:51:56","guid":{"rendered":"https:\/\/www.boless.com\/politique-de-confidentialite\/"},"modified":"2025-02-14T10:10:12","modified_gmt":"2025-02-14T15:10:12","slug":"privacy-policy","status":"publish","type":"page","link":"https:\/\/www.boless.com\/en\/privacy-policy\/","title":{"rendered":"Privacy Policy"},"content":{"rendered":"<div class=\"wpb-content-wrapper\"><p>[vc_row css_animation=&#8221;&#8221; row_type=&#8221;row&#8221; use_row_as_full_screen_section=&#8221;no&#8221; type=&#8221;grid&#8221; angled_section=&#8221;no&#8221; text_align=&#8221;left&#8221; background_image_as_pattern=&#8221;without_pattern&#8221; z_index=&#8221;&#8221; el_class=&#8221;services-top&#8221;][vc_column][vc_column_text css=&#8221;&#8221;]<\/p>\n<h1 class=\"h3\">Politique de confidentialit\u00e9<\/h1>\n<p>L\u2019entreprise Boless Inc. est engag\u00e9e \u00e0 respecter votre vie priv\u00e9e ainsi que les lois sur la protection des renseignements personnels en vigueur en toute transparence. La pr\u00e9sente politique sur les donn\u00e9es num\u00e9riques explique comment nous collectons, utilisons, divulguons et prot\u00e9geons vos renseignements personnels lorsque vous naviguez sur notre site web au <a href=\"http:\/\/www.boless.com\">www.boless.com<\/a>.[\/vc_column_text][\/vc_column][\/vc_row][vc_row css_animation=&#8221;&#8221; row_type=&#8221;row&#8221; use_row_as_full_screen_section=&#8221;no&#8221; type=&#8221;grid&#8221; angled_section=&#8221;no&#8221; text_align=&#8221;left&#8221; background_image_as_pattern=&#8221;without_pattern&#8221; z_index=&#8221;&#8221; css=&#8221;.vc_custom_1739543525685{padding-bottom: 100px !important;}&#8221;][vc_column][vc_row_inner row_type=&#8221;row&#8221; type=&#8221;full_width&#8221; text_align=&#8221;left&#8221; css_animation=&#8221;&#8221;][vc_column_inner][vc_column_text css=&#8221;&#8221;]<\/p>\n<h4>Collecte de Renseignements Personnels<\/h4>\n<p>&nbsp;<\/p>\n<p>Nous pouvons collecter les types de renseignements personnels suivants lorsque naviguez sur notre site web :<\/p>\n<p>&nbsp;<\/p>\n<ul>\n<li>Informations d\u2019identification (par exemple, nom, pr\u00e9nom, adresse postale, adresse \u00e9lectronique, num\u00e9ro de t\u00e9l\u00e9phone).<\/li>\n<li>Informations de connexion (par exemple, adresses IP, informations de connexion, type de navigateur, fuseau horaire, emplacement, donn\u00e9es sur la mani\u00e8re dont vous interagissez avec le Site).<\/li>\n<li>Autres informations que vous choisissez de nous fournir (par exemple, commentaires, questions, pr\u00e9f\u00e9rences de communication).<\/li>\n<\/ul>\n<p>&nbsp;<\/p>\n<h4>Fichiers t\u00e9moins (Cookies)<\/h4>\n<p>&nbsp;<\/p>\n<p>Les cookies sont utilis\u00e9s pour collecter des informations sur les activit\u00e9s de navigation de l\u2019utilisateur, telles que les pr\u00e9f\u00e9rences, les param\u00e8tres de connexion, les habitudes de navigation, et d\u2019autres donn\u00e9es similaires. Vous avez la possibilit\u00e9 d\u2019utiliser votre navigateur web pour supprimer automatiquement ou manuellement les cookies. Vous pouvez \u00e9galement sp\u00e9cifier que certains cookies ne doivent pas \u00eatre enregistr\u00e9s. Cependant, il est possible qu\u2019en d\u00e9sactivant les t\u00e9moins (cookies) les fonctionnalit\u00e9s vous apparaissent diff\u00e9remment.<\/p>\n<p>&nbsp;<\/p>\n<p>L\u2019adresse IP d\u00e9signe le code num\u00e9rique servant \u00e0 identifier un appareil connect\u00e9 \u00e0 Internet.<\/p>\n<p>&nbsp;<\/p>\n<p>L\u2019adresse IP n\u2019est pas stock\u00e9e par les fichiers t\u00e9moins mais elle peut \u00eatre utilis\u00e9e pour localiser la r\u00e9gion o\u00f9 se situe un appareil et identifier le fournisseur de services Internet associ\u00e9 \u00e0 cet appareil.<\/p>\n<p>&nbsp;<\/p>\n<p>Vous pouvez modifier vos pr\u00e9f\u00e9rences et refuser que nous utilisions des fichiers t\u00e9moins en tout temps.<\/p>\n<p>&nbsp;<\/p>\n<h4>Utilisation de Renseignements Personnels<\/h4>\n<p>&nbsp;<\/p>\n<p>Nous utilisons les renseignements personnels collect\u00e9s pour les finalit\u00e9s suivantes :<\/p>\n<p>&nbsp;<\/p>\n<ul>\n<li>Fournir et g\u00e9rer notre Site.<\/li>\n<li>R\u00e9pondre \u00e0 vos demandes, commentaires ou questions.<\/li>\n<li>Personnaliser votre exp\u00e9rience sur notre Site.<\/li>\n<li>Vous fournir des informations, des offres ou des promotions sur nos produits ou services (avec votre consentement, le cas \u00e9ch\u00e9ant).<\/li>\n<li>Remplir nos obligations l\u00e9gales et r\u00e9glementaires.<\/li>\n<\/ul>\n<p>&nbsp;<\/p>\n<h4>Partage de Renseignements Personnels<\/h4>\n<p>&nbsp;<\/p>\n<p>Nous nous engageons \u00e0 ne pas vendre ou partager vos donn\u00e9es avec des tiers sauf si la loi l\u2019exige ou en cas de proc\u00e9dure judiciaire.<\/p>\n<p>&nbsp;<\/p>\n<h4>Protection des Renseignements Personnels<\/h4>\n<p>&nbsp;<\/p>\n<p>Nous prenons des mesures raisonnables pour prot\u00e9ger vos renseignements personnels contre la perte, l\u2019utilisation abusive, l\u2019acc\u00e8s non autoris\u00e9, la divulgation, la modification ou la destruction.<\/p>\n<p>&nbsp;<\/p>\n<p>Toutes les donn\u00e9es sont conserv\u00e9es sur des serveurs dot\u00e9s de syst\u00e8mes de haute s\u00e9curit\u00e9, prot\u00e9g\u00e9s contre l\u2019acc\u00e8s par des personnes non autoris\u00e9es et les utilisations malveillantes. De plus, seules les personnes devant avoir acc\u00e8s aux renseignements dans le cadre de leurs fonctions y ont acc\u00e8s.<\/p>\n<p>&nbsp;<\/p>\n<h4>Plateformes de m\u00e9dias sociaux et autres sites<\/h4>\n<p>&nbsp;<\/p>\n<p>Nous sommes pr\u00e9sents sur certains m\u00e9dias sociaux, comme Meta et LinkedIn. Quand vous interagissez avec nous \u00e0 travers les m\u00e9dias sociaux, vous le faites selon les conditions et politiques propres \u00e0 ces plateformes.<\/p>\n<p>&nbsp;<\/p>\n<p>Notre site web peut contenir des liens menant vers des sites web ou des services qui ne nous appartiennent pas. Lorsque vous quittez notre sites web, la pr\u00e9sente politique cesse de s\u2019appliquer.<\/p>\n<p>&nbsp;<\/p>\n<p>Nous vous recommandons de v\u00e9rifier les politiques de confidentialit\u00e9 des autres sites pour comprendre leurs proc\u00e9dures relatives \u00e0 vos informations confidentielles. L\u2019entreprise ne peut pas \u00eatre tenue responsable du traitement des donn\u00e9es confidentielles des autres sites desquels il propose des liens pour la convenance de son utilisateur.<\/p>\n<p>&nbsp;<\/p>\n<h4>Nous Contacter<\/h4>\n<p>&nbsp;<\/p>\n<p>Si vous avez des questions, des pr\u00e9occupations ou des demandes concernant cette Politique, veuillez nous contacter:<\/p>\n<p>&nbsp;<\/p>\n<p><strong>Boless Inc.<\/strong><br \/>\n<a href=\"https:\/\/maps.app.goo.gl\/T4MkdyNMc5kvDLxaA\" target=\"_blank\" rel=\"noopener\">220-15 rue Buteau<br \/>\nGatineau (Qu\u00e9bec)<br \/>\nJ8Z 1V4<\/a><\/p>\n<p>e\u00a0: <a href=\"mailto:boless@boless.com\">boless@boless.com<\/a><br \/>\nt\u00a0: <a href=\"tel:+18197703028,210\">(819) 770-3028 poste 210<\/a>[\/vc_column_text][\/vc_column_inner][\/vc_row_inner][\/vc_column][\/vc_row]<\/p>\n<\/div>","protected":false},"excerpt":{"rendered":"<p>[vc_row css_animation=&#8221;&#8221; row_type=&#8221;row&#8221; use_row_as_full_screen_section=&#8221;no&#8221; type=&#8221;grid&#8221; angled_section=&#8221;no&#8221; text_align=&#8221;left&#8221; background_image_as_pattern=&#8221;without_pattern&#8221; z_index=&#8221;&#8221; el_class=&#8221;services-top&#8221;][vc_column][vc_column_text css=&#8221;&#8221;] Politique de confidentialit\u00e9 L\u2019entreprise Boless Inc. est engag\u00e9e \u00e0 respecter votre vie priv\u00e9e ainsi que les lois sur la protection des renseignements personnels en vigueur en toute transparence. La pr\u00e9sente politique sur les donn\u00e9es&#8230;<\/p>\n","protected":false},"author":1,"featured_media":0,"parent":0,"menu_order":0,"comment_status":"closed","ping_status":"closed","template":"","meta":{"_acf_changed":false,"footnotes":""},"class_list":["post-1414","page","type-page","status-publish","hentry"],"acf":[],"yoast_head":"<!-- This site is optimized with the Yoast SEO plugin v27.5 - https:\/\/yoast.com\/product\/yoast-seo-wordpress\/ -->\n<title>Privacy Policy - Boless Inc<\/title>\n<meta name=\"robots\" content=\"index, follow, max-snippet:-1, max-image-preview:large, max-video-preview:-1\" \/>\n<link rel=\"canonical\" href=\"https:\/\/www.boless.com\/en\/privacy-policy\/\" \/>\n<meta property=\"og:locale\" content=\"en_US\" \/>\n<meta property=\"og:type\" content=\"article\" \/>\n<meta property=\"og:title\" content=\"Privacy Policy - Boless Inc\" \/>\n<meta property=\"og:description\" content=\"[vc_row css_animation=&#8221;&#8221; row_type=&#8221;row&#8221; use_row_as_full_screen_section=&#8221;no&#8221; type=&#8221;grid&#8221; angled_section=&#8221;no&#8221; text_align=&#8221;left&#8221; background_image_as_pattern=&#8221;without_pattern&#8221; z_index=&#8221;&#8221; el_class=&#8221;services-top&#8221;][vc_column][vc_column_text css=&#8221;&#8221;] Politique de confidentialit\u00e9 L\u2019entreprise Boless Inc. est engag\u00e9e \u00e0 respecter votre vie priv\u00e9e ainsi que les lois sur la protection des renseignements personnels en vigueur en toute transparence. La pr\u00e9sente politique sur les donn\u00e9es...\" \/>\n<meta property=\"og:url\" content=\"https:\/\/www.boless.com\/en\/privacy-policy\/\" \/>\n<meta property=\"og:site_name\" content=\"Boless Inc\" \/>\n<meta property=\"article:modified_time\" content=\"2025-02-14T15:10:12+00:00\" \/>\n<meta name=\"twitter:card\" content=\"summary_large_image\" \/>\n<meta name=\"twitter:label1\" content=\"Est. reading time\" \/>\n\t<meta name=\"twitter:data1\" content=\"3 minutes\" \/>\n<script type=\"application\/ld+json\" class=\"yoast-schema-graph\">{\"@context\":\"https:\\\/\\\/schema.org\",\"@graph\":[{\"@type\":\"WebPage\",\"@id\":\"https:\\\/\\\/www.boless.com\\\/en\\\/privacy-policy\\\/\",\"url\":\"https:\\\/\\\/www.boless.com\\\/en\\\/privacy-policy\\\/\",\"name\":\"Privacy Policy - Boless Inc\",\"isPartOf\":{\"@id\":\"https:\\\/\\\/www.boless.com\\\/#website\"},\"datePublished\":\"2025-02-14T13:51:56+00:00\",\"dateModified\":\"2025-02-14T15:10:12+00:00\",\"breadcrumb\":{\"@id\":\"https:\\\/\\\/www.boless.com\\\/en\\\/privacy-policy\\\/#breadcrumb\"},\"inLanguage\":\"en-US\",\"potentialAction\":[{\"@type\":\"ReadAction\",\"target\":[\"https:\\\/\\\/www.boless.com\\\/en\\\/privacy-policy\\\/\"]}]},{\"@type\":\"BreadcrumbList\",\"@id\":\"https:\\\/\\\/www.boless.com\\\/en\\\/privacy-policy\\\/#breadcrumb\",\"itemListElement\":[{\"@type\":\"ListItem\",\"position\":1,\"name\":\"Home\",\"item\":\"https:\\\/\\\/www.boless.com\\\/en\\\/\"},{\"@type\":\"ListItem\",\"position\":2,\"name\":\"Privacy Policy\"}]},{\"@type\":\"WebSite\",\"@id\":\"https:\\\/\\\/www.boless.com\\\/#website\",\"url\":\"https:\\\/\\\/www.boless.com\\\/\",\"name\":\"Boless Inc\",\"description\":\"A General Contractor with a Unique Expertise\",\"potentialAction\":[{\"@type\":\"SearchAction\",\"target\":{\"@type\":\"EntryPoint\",\"urlTemplate\":\"https:\\\/\\\/www.boless.com\\\/?s={search_term_string}\"},\"query-input\":{\"@type\":\"PropertyValueSpecification\",\"valueRequired\":true,\"valueName\":\"search_term_string\"}}],\"inLanguage\":\"en-US\"}]}<\/script>\n<!-- \/ Yoast SEO plugin. -->","yoast_head_json":{"title":"Privacy Policy - Boless Inc","robots":{"index":"index","follow":"follow","max-snippet":"max-snippet:-1","max-image-preview":"max-image-preview:large","max-video-preview":"max-video-preview:-1"},"canonical":"https:\/\/www.boless.com\/en\/privacy-policy\/","og_locale":"en_US","og_type":"article","og_title":"Privacy Policy - Boless Inc","og_description":"[vc_row css_animation=&#8221;&#8221; row_type=&#8221;row&#8221; use_row_as_full_screen_section=&#8221;no&#8221; type=&#8221;grid&#8221; angled_section=&#8221;no&#8221; text_align=&#8221;left&#8221; background_image_as_pattern=&#8221;without_pattern&#8221; z_index=&#8221;&#8221; el_class=&#8221;services-top&#8221;][vc_column][vc_column_text css=&#8221;&#8221;] Politique de confidentialit\u00e9 L\u2019entreprise Boless Inc. est engag\u00e9e \u00e0 respecter votre vie priv\u00e9e ainsi que les lois sur la protection des renseignements personnels en vigueur en toute transparence. La pr\u00e9sente politique sur les donn\u00e9es...","og_url":"https:\/\/www.boless.com\/en\/privacy-policy\/","og_site_name":"Boless Inc","article_modified_time":"2025-02-14T15:10:12+00:00","twitter_card":"summary_large_image","twitter_misc":{"Est. reading time":"3 minutes"},"schema":{"@context":"https:\/\/schema.org","@graph":[{"@type":"WebPage","@id":"https:\/\/www.boless.com\/en\/privacy-policy\/","url":"https:\/\/www.boless.com\/en\/privacy-policy\/","name":"Privacy Policy - Boless Inc","isPartOf":{"@id":"https:\/\/www.boless.com\/#website"},"datePublished":"2025-02-14T13:51:56+00:00","dateModified":"2025-02-14T15:10:12+00:00","breadcrumb":{"@id":"https:\/\/www.boless.com\/en\/privacy-policy\/#breadcrumb"},"inLanguage":"en-US","potentialAction":[{"@type":"ReadAction","target":["https:\/\/www.boless.com\/en\/privacy-policy\/"]}]},{"@type":"BreadcrumbList","@id":"https:\/\/www.boless.com\/en\/privacy-policy\/#breadcrumb","itemListElement":[{"@type":"ListItem","position":1,"name":"Home","item":"https:\/\/www.boless.com\/en\/"},{"@type":"ListItem","position":2,"name":"Privacy Policy"}]},{"@type":"WebSite","@id":"https:\/\/www.boless.com\/#website","url":"https:\/\/www.boless.com\/","name":"Boless Inc","description":"A General Contractor with a Unique Expertise","potentialAction":[{"@type":"SearchAction","target":{"@type":"EntryPoint","urlTemplate":"https:\/\/www.boless.com\/?s={search_term_string}"},"query-input":{"@type":"PropertyValueSpecification","valueRequired":true,"valueName":"search_term_string"}}],"inLanguage":"en-US"}]}},"_links":{"self":[{"href":"https:\/\/www.boless.com\/en\/wp-json\/wp\/v2\/pages\/1414","targetHints":{"allow":["GET"]}}],"collection":[{"href":"https:\/\/www.boless.com\/en\/wp-json\/wp\/v2\/pages"}],"about":[{"href":"https:\/\/www.boless.com\/en\/wp-json\/wp\/v2\/types\/page"}],"author":[{"embeddable":true,"href":"https:\/\/www.boless.com\/en\/wp-json\/wp\/v2\/users\/1"}],"replies":[{"embeddable":true,"href":"https:\/\/www.boless.com\/en\/wp-json\/wp\/v2\/comments?post=1414"}],"version-history":[{"count":1,"href":"https:\/\/www.boless.com\/en\/wp-json\/wp\/v2\/pages\/1414\/revisions"}],"predecessor-version":[{"id":1415,"href":"https:\/\/www.boless.com\/en\/wp-json\/wp\/v2\/pages\/1414\/revisions\/1415"}],"wp:attachment":[{"href":"https:\/\/www.boless.com\/en\/wp-json\/wp\/v2\/media?parent=1414"}],"curies":[{"name":"wp","href":"https:\/\/api.w.org\/{rel}","templated":true}]}}